{"id":1755,"date":"2024-12-24T15:39:53","date_gmt":"2024-12-24T15:39:53","guid":{"rendered":"https:\/\/bujums.lv\/?post_type=product&#038;p=1755"},"modified":"2025-04-10T22:02:49","modified_gmt":"2025-04-10T22:02:49","slug":"pelmeni-berniem","status":"publish","type":"product","link":"https:\/\/bujums.lv\/en\/product\/pelmeni-berniem\/","title":{"rendered":"Pelme\u0146i b\u0113rniem"},"content":{"rendered":"<p><strong>Viens iepakojums 400g. Cena nor\u0101d\u012bta par vienu iepakojumu.<\/strong><strong><br \/>\n<\/strong><em>Sast\u0101vda\u013cas:<\/em> M\u012bkla 45%, pild\u012bjums 55%. M\u012bkla: KVIE\u0160U milti, \u016bdens, OLAS, rap\u0161u e\u013c\u013ca, bie\u0161u sula, spin\u0101ti, burk\u0101nu sula, s\u0101ls, cukurs). Pild\u012bjums: 48.5% tru\u0161a ga\u013ca, t\u012btara ga\u013ca, burk\u0101ni, \u0137iploki, s\u0101ls, dilles.<\/p>\n<p><em>Ener\u0123\u0113tisk\u0101 v\u0113rt\u012bba:<\/em> kJ 868 \/ kcal 206<br \/>\n<em>Uzturv\u0113rt\u012bba uz 100g:<\/em> Tauki 6.3 g, t.sk. pies\u0101tin\u0101t\u0101s tauksk\u0101bes 1.0g, og\u013chidr\u0101ti 23.0g, t.sk. cukuri 1.1g, \u0161\u0137iedrvielas 1.9g, olbaltumvielas 13.5g, s\u0101ls 1.0g.<\/p>\n<p><em>Pagatavo\u0161ana:<\/em> Ielieciet pelme\u0146us verdo\u0161\u0101 s\u0101l\u012bt\u0101 \u016bden\u012b, pievienojiet gar\u0161vielas. Kad pelme\u0146i uzpeld\u0113ju\u0161i, v\u0101riet v\u0113l 5-7 min\u016btes.<\/p>\n<p><em>Uzglab\u0101\u0161anas temperat\u016bra:<\/em> Ne zem\u0101ka k\u0101 -18<sup>0 <\/sup>C<br \/>\n<em>Izlietot l\u012bdz<\/em>: skat\u012bt uz iepakojuma (dd.mm.gggg)<br \/>\nP\u0113c atkaus\u0113\u0161anas produktu atk\u0101rtoti nesasald\u0113t!<br \/>\nRa\u017eots Latvij\u0101,\u00a0 SIA Mammas Dabas Labumi, Traleru iela 30, R\u012bga, Latvija.<\/p>\n","protected":false},"excerpt":{"rendered":"<p>Kr\u0101saini, \u0146amm\u012bgi, sp\u0113l\u012bgi, draudz\u012bgi. No maigas tru\u0161u ga\u013ci\u0146as, kr\u0101sainos spilventi\u0146os. Visi gatavoti no lab\u0101kajiem miltiem un smaidigu vistu ol\u0101m, kr\u0101sotiem ar sul\u012bg\u0101m, t\u012br\u0101m, bie\u0161u, spin\u0101tu un burk\u0101nu suli\u0146\u0101m. For\u0161iem, priec\u012bgiem b\u0113rniem!<\/p>\n<p>Sald\u0113ti izmantojot \u0161oku, iepakojums kast\u012bte 400g.<\/p>\n","protected":false},"featured_media":1756,"comment_status":"open","ping_status":"closed","template":"","meta":[],"product_cat":[49],"product_tag":[],"class_list":{"0":"post-1755","1":"product","2":"type-product","3":"status-publish","4":"has-post-thumbnail","6":"product_cat-pelmeni","8":"first","9":"instock","10":"shipping-taxable","11":"purchasable","12":"product-type-simple"},"_links":{"self":[{"href":"https:\/\/bujums.lv\/en\/wp-json\/wp\/v2\/product\/1755","targetHints":{"allow":["GET"]}}],"collection":[{"href":"https:\/\/bujums.lv\/en\/wp-json\/wp\/v2\/product"}],"about":[{"href":"https:\/\/bujums.lv\/en\/wp-json\/wp\/v2\/types\/product"}],"replies":[{"embeddable":true,"href":"https:\/\/bujums.lv\/en\/wp-json\/wp\/v2\/comments?post=1755"}],"wp:featuredmedia":[{"embeddable":true,"href":"https:\/\/bujums.lv\/en\/wp-json\/wp\/v2\/media\/1756"}],"wp:attachment":[{"href":"https:\/\/bujums.lv\/en\/wp-json\/wp\/v2\/media?parent=1755"}],"wp:term":[{"taxonomy":"product_cat","embeddable":true,"href":"https:\/\/bujums.lv\/en\/wp-json\/wp\/v2\/product_cat?post=1755"},{"taxonomy":"product_tag","embeddable":true,"href":"https:\/\/bujums.lv\/en\/wp-json\/wp\/v2\/product_tag?post=1755"}],"curies":[{"name":"wp","href":"https:\/\/api.w.org\/{rel}","templated":true}]}}