{"id":1761,"date":"2024-12-24T15:45:20","date_gmt":"2024-12-24T15:45:20","guid":{"rendered":"https:\/\/bujums.lv\/?post_type=product&#038;p=1761"},"modified":"2025-02-25T09:36:04","modified_gmt":"2025-02-25T09:36:04","slug":"pelmeni-veganie","status":"publish","type":"product","link":"https:\/\/bujums.lv\/en\/product\/pelmeni-veganie\/","title":{"rendered":"Pelme\u0146i veg\u0101nie"},"content":{"rendered":"<p><strong>Viens iepakojums 400g. Cena nor\u0101d\u012bta par vienu iepakojumu.<\/strong><strong><br \/>\n<\/strong><em>Sast\u0101vda\u013cas:<\/em> M\u012bkla 45%, pild\u012bjums 55%. M\u012bkla: KVIE\u0160U milti, \u016bdens, rap\u0161u e\u013c\u013ca, s\u0101ls, cukurs). Pild\u012bjums: 58% zir\u0146i, 13% k\u0101posti, 13% s\u012bpoli, dilles, s\u0101ls, melnie pipari.<\/p>\n<p><em>Ener\u0123\u0113tisk\u0101 v\u0113rt\u012bba:<\/em> kJ 1007.3 \/ kcal 237.9<br \/>\n<em>Uzturv\u0113rt\u012bba uz 100g:<\/em> Tauki 2.27 g, t.sk. pies\u0101tin\u0101t\u0101s tauksk\u0101bes 50.31g, og\u013chidr\u0101ti 41.9g, t.sk. cukuri 1.82g, \u0161\u0137iedrvielas 2.16g, olbaltumvielas 11.39g, s\u0101ls 1.0g.<\/p>\n<p><em>Pagatavo\u0161ana:<\/em> Ielieciet pelme\u0146us verdo\u0161\u0101 s\u0101l\u012bt\u0101 \u016bden\u012b, pievienojiet gar\u0161vielas. Kad pelme\u0146i uzpeld\u0113ju\u0161i, v\u0101riet v\u0113l 5-7 min\u016btes.<\/p>\n<p><em>Uzglab\u0101\u0161anas temperat\u016bra:<\/em> Ne zem\u0101ka k\u0101 -18<sup>0 <\/sup>C<br \/>\n<em>Izlietot l\u012bdz<\/em>: skat\u012bt uz iepakojuma (dd.mm.gggg)<br \/>\nP\u0113c atkaus\u0113\u0161anas produktu atk\u0101rtoti nesasald\u0113t!<br \/>\nRa\u017eots Latvij\u0101,\u00a0 SIA Mammas Dabas Labumi, Traleru iela 30, R\u012bga, Latvija.<\/p>\n","protected":false},"excerpt":{"rendered":"<p>Burk\u0101ns mekl\u0113 savu br\u0101li, ne jau c\u0101li, un ne k\u0101li, skaistu, sp\u012bd\u012bgu k\u0101 m\u0101nu, piem\u012bl\u012bgo bakla\u017e\u0101nu. BUJUMS abus kop\u0101 veda, jaunu maju br\u0101\u013ciem deva, ja pie galda esi s\u0113dis, k\u013c\u016bsti lepns vi\u0146us \u0113dis.<\/p>\n<p>Sald\u0113ti izmantojot \u0161oku, iepakojums kast\u012bte 400g.<\/p>\n","protected":false},"featured_media":1762,"comment_status":"open","ping_status":"closed","template":"","meta":[],"product_cat":[49],"product_tag":[],"class_list":{"0":"post-1761","1":"product","2":"type-product","3":"status-publish","4":"has-post-thumbnail","6":"product_cat-pelmeni","8":"first","9":"instock","10":"shipping-taxable","11":"purchasable","12":"product-type-simple"},"_links":{"self":[{"href":"https:\/\/bujums.lv\/en\/wp-json\/wp\/v2\/product\/1761","targetHints":{"allow":["GET"]}}],"collection":[{"href":"https:\/\/bujums.lv\/en\/wp-json\/wp\/v2\/product"}],"about":[{"href":"https:\/\/bujums.lv\/en\/wp-json\/wp\/v2\/types\/product"}],"replies":[{"embeddable":true,"href":"https:\/\/bujums.lv\/en\/wp-json\/wp\/v2\/comments?post=1761"}],"wp:featuredmedia":[{"embeddable":true,"href":"https:\/\/bujums.lv\/en\/wp-json\/wp\/v2\/media\/1762"}],"wp:attachment":[{"href":"https:\/\/bujums.lv\/en\/wp-json\/wp\/v2\/media?parent=1761"}],"wp:term":[{"taxonomy":"product_cat","embeddable":true,"href":"https:\/\/bujums.lv\/en\/wp-json\/wp\/v2\/product_cat?post=1761"},{"taxonomy":"product_tag","embeddable":true,"href":"https:\/\/bujums.lv\/en\/wp-json\/wp\/v2\/product_tag?post=1761"}],"curies":[{"name":"wp","href":"https:\/\/api.w.org\/{rel}","templated":true}]}}