{"id":2402,"date":"2025-02-17T19:03:30","date_gmt":"2025-02-17T19:03:30","guid":{"rendered":"https:\/\/bujums.lv\/????????-2\/"},"modified":"2025-05-30T10:54:36","modified_gmt":"2025-05-30T10:54:36","slug":"2-2","status":"publish","type":"page","link":"https:\/\/bujums.lv\/ru\/2-2\/","title":{"rendered":"\u0422\u043e\u0440\u0433\u043e\u0432\u043b\u044f"},"content":{"rendered":"[vc_row type=\u201din_container\u201d full_screen_row_position=\u201dmiddle\u201d column_margin=\u201ddefault\u201d column_direction=\u201ddefault\u201d column_direction_tablet=\u201ddefault\u201d column_direction_phone=\u201ddefault\u201d scene_position=\u201dcenter\u201d text_color=\u201ddark\u201d text_align=\u201dleft\u201d row_border_radius=\u201dnone\u201d row_border_radius_applies=\u201dbg\u201d overflow=\u201dvisible\u201d overlay_strength=\u201d0.3&#8243; gradient_direction=\u201dleft_to_right\u201d shape_divider_position=\u201dbottom\u201d bg_image_animation=\u201dnone\u201d][vc_column column_padding=\u201dno-extra-padding\u201d column_padding_tablet=\u201dinherit\u201d column_padding_phone=\u201dinherit\u201d column_padding_position=\u201dall\u201d column_element_direction_desktop=\u201ddefault\u201d column_element_spacing=\u201ddefault\u201d desktop_text_alignment=\u201ddefault\u201d tablet_text_alignment=\u201ddefault\u201d phone_text_alignment=\u201ddefault\u201d background_color_opacity=\u201d1&#8243; background_hover_color_opacity=\u201d1&#8243; column_backdrop_filter=\u201dnone\u201d column_shadow=\u201dnone\u201d column_border_radius=\u201dnone\u201d column_link_target=\u201d_self\u201d column_position=\u201ddefault\u201d gradient_direction=\u201dleft_to_right\u201d overlay_strength=\u201d0.3&#8243; width=\u201d1\/1&#8243; tablet_width_inherit=\u201ddefault\u201d animation_type=\u201ddefault\u201d bg_image_animation=\u201dnone\u201d border_type=\u201dsimple\u201d column_border_width=\u201dnone\u201d column_border_style=\u201dsolid\u201d][split_line_heading animation_type=\u201dline-reveal-by-space\u201d font_style=\u201dh1&#8243; line_reveal_by_space_text_effect=\u201ddefault\u201d content_alignment=\u201ddefault\u201d mobile_content_alignment=\u201dinherit\u201d link_target=\u201d_self\u201d text_content=\u201d\u0422\u043e\u0440\u0433\u043e\u0432\u043b\u044f\u201d text_direction=\u201ddefault\u201d][\/split_line_heading][\/vc_column][\/vc_row][vc_row type=\u201din_container\u201d full_screen_row_position=\u201dmiddle\u201d column_margin=\u201ddefault\u201d column_direction=\u201ddefault\u201d column_direction_tablet=\u201ddefault\u201d column_direction_phone=\u201ddefault\u201d scene_position=\u201dcenter\u201d text_color=\u201ddark\u201d text_align=\u201dleft\u201d row_border_radius=\u201dnone\u201d row_border_radius_applies=\u201dbg\u201d overflow=\u201dvisible\u201d overlay_strength=\u201d0.3&#8243; gradient_direction=\u201dleft_to_right\u201d shape_divider_position=\u201dbottom\u201d bg_image_animation=\u201dnone\u201d][vc_column column_padding=\u201dno-extra-padding\u201d column_padding_tablet=\u201dinherit\u201d column_padding_phone=\u201dinherit\u201d column_padding_position=\u201dall\u201d column_element_direction_desktop=\u201ddefault\u201d column_element_spacing=\u201ddefault\u201d desktop_text_alignment=\u201ddefault\u201d tablet_text_alignment=\u201ddefault\u201d phone_text_alignment=\u201ddefault\u201d background_color_opacity=\u201d1&#8243; background_hover_color_opacity=\u201d1&#8243; column_backdrop_filter=\u201dnone\u201d column_shadow=\u201dnone\u201d column_border_radius=\u201dnone\u201d column_link_target=\u201d_self\u201d column_position=\u201ddefault\u201d gradient_direction=\u201dleft_to_right\u201d overlay_strength=\u201d0.3&#8243; width=\u201d1\/1&#8243; tablet_width_inherit=\u201ddefault\u201d animation_type=\u201ddefault\u201d bg_image_animation=\u201dnone\u201d border_type=\u201dsimple\u201d column_border_width=\u201dnone\u201d column_border_style=\u201dsolid\u201d][vc_column_text css=\u201d\u201d text_direction=\u201ddefault\u201d max_width=\u201d750&#8243;]\u0415\u0441\u043b\u0438 \u0432\u044b \u0445\u043e\u0442\u0438\u0442\u0435 \u0441\u043e\u0442\u0440\u0443\u0434\u043d\u0438\u0447\u0430\u0442\u044c \u0441 \u043d\u0430\u043c\u0438 \u0438 \u043f\u0440\u0435\u0434\u043b\u0430\u0433\u0430\u0442\u044c \u0441\u0432\u043e\u0438\u043c \u043a\u043b\u0438\u0435\u043d\u0442\u0430\u043c \u043f\u0440\u043e\u0434\u0443\u043a\u0446\u0438\u044e \u0432\u044b\u0441\u043e\u043a\u043e\u0433\u043e \u043a\u0430\u0447\u0435\u0441\u0442\u0432\u0430 \u043e\u0442 Bujums, \u043c\u044b \u0431\u0443\u0434\u0435\u043c \u0440\u0430\u0434\u044b \u043e\u0431\u0441\u0443\u0434\u0438\u0442\u044c \u0443\u0441\u043b\u043e\u0432\u0438\u044f \u0441\u043e\u0442\u0440\u0443\u0434\u043d\u0438\u0447\u0435\u0441\u0442\u0432\u0430. \u041c\u044b \u043e\u0431\u0435\u0441\u043f\u0435\u0447\u0438\u0432\u0430\u0435\u043c \u0433\u0438\u0431\u043a\u0438\u0435 \u0443\u0441\u043b\u043e\u0432\u0438\u044f \u043f\u043e\u0441\u0442\u0430\u0432\u043e\u043a \u0438 \u0441\u0442\u0430\u0431\u0438\u043b\u044c\u043d\u043e\u0435 \u043a\u0430\u0447\u0435\u0441\u0442\u0432\u043e \u043f\u0440\u043e\u0434\u0443\u043a\u0446\u0438\u0438. \u0427\u0442\u043e\u0431\u044b \u0443\u0437\u043d\u0430\u0442\u044c \u0431\u043e\u043b\u044c\u0448\u0435, \u043f\u043e\u0436\u0430\u043b\u0443\u0439\u0441\u0442\u0430, \u043d\u0430\u043f\u0438\u0448\u0438\u0442\u0435 \u043d\u0430\u043c \u043d\u0430: <a class=\"link_text\" role=\"button\" href=\"mailto:bujums@bujums.lv\" target=\"_blank\" rel=\"noopener\">bujums@bujums.lv<\/a>[\/vc_column_text][\/vc_column][\/vc_row][vc_row type=\u201din_container\u201d full_screen_row_position=\u201dmiddle\u201d column_margin=\u201ddefault\u201d column_direction=\u201ddefault\u201d column_direction_tablet=\u201ddefault\u201d column_direction_phone=\u201ddefault\u201d scene_position=\u201dcenter\u201d bottom_padding=\u201d60&#8243; text_color=\u201ddark\u201d text_align=\u201dleft\u201d row_border_radius=\u201dnone\u201d row_border_radius_applies=\u201dbg\u201d overflow=\u201dvisible\u201d overlay_strength=\u201d0.3&#8243; gradient_direction=\u201dleft_to_right\u201d shape_divider_position=\u201dbottom\u201d bg_image_animation=\u201dnone\u201d gradient_type=\u201ddefault\u201d shape_type=\u201d\u201d][vc_column column_padding=\u201dno-extra-padding\u201d column_padding_tablet=\u201dinherit\u201d column_padding_phone=\u201dinherit\u201d column_padding_position=\u201dall\u201d column_element_direction_desktop=\u201ddefault\u201d column_element_spacing=\u201ddefault\u201d desktop_text_alignment=\u201ddefault\u201d tablet_text_alignment=\u201ddefault\u201d phone_text_alignment=\u201ddefault\u201d background_color_opacity=\u201d1&#8243; background_hover_color_opacity=\u201d1&#8243; column_backdrop_filter=\u201dnone\u201d column_shadow=\u201dnone\u201d column_border_radius=\u201dnone\u201d column_link_target=\u201d_self\u201d column_position=\u201ddefault\u201d gradient_direction=\u201dleft_to_right\u201d overlay_strength=\u201d0.3&#8243; width=\u201d1\/1&#8243; tablet_width_inherit=\u201ddefault\u201d animation_type=\u201ddefault\u201d bg_image_animation=\u201dnone\u201d border_type=\u201dsimple\u201d column_border_width=\u201dnone\u201d column_border_style=\u201dsolid\u201d][split_line_heading animation_type=\u201dline-reveal-by-space\u201d font_style=\u201dh2&#8243; line_reveal_by_space_text_effect=\u201ddefault\u201d content_alignment=\u201ddefault\u201d mobile_content_alignment=\u201dinherit\u201d link_target=\u201d_self\u201d text_content=\u201d\u0421\u0432\u044f\u0436\u0438\u0442\u0435\u0441\u044c \u0441 \u043d\u0430\u043c\u0438\u201d text_direction=\u201ddefault\u201d][\/split_line_heading]\n<div class=\"wpcf7 no-js\" id=\"wpcf7-f1772-o1\" lang=\"en-US\" dir=\"ltr\" data-wpcf7-id=\"1772\">\n<div class=\"screen-reader-response\"><p role=\"status\" aria-live=\"polite\" aria-atomic=\"true\"><\/p> <ul><\/ul><\/div>\n<form action=\"\/ru\/wp-json\/wp\/v2\/pages\/2402#wpcf7-f1772-o1\" method=\"post\" class=\"wpcf7-form init\" aria-label=\"Contact form\" novalidate=\"novalidate\" data-status=\"init\">\n<div style=\"display: none;\">\n<input type=\"hidden\" name=\"_wpcf7\" value=\"1772\" \/>\n<input type=\"hidden\" name=\"_wpcf7_version\" value=\"6.0.2\" \/>\n<input type=\"hidden\" name=\"_wpcf7_locale\" value=\"en_US\" \/>\n<input type=\"hidden\" name=\"_wpcf7_unit_tag\" value=\"wpcf7-f1772-o1\" \/>\n<input type=\"hidden\" name=\"_wpcf7_container_post\" value=\"0\" \/>\n<input type=\"hidden\" name=\"_wpcf7_posted_data_hash\" value=\"\" \/>\n<\/div>\n<div class=\"nectar-wpcf7-inline-form\">\n\t<div class=\"nectar-wpcf7-inline-field\">\n\t\t<p><span class=\"wpcf7-form-control-wrap\" data-name=\"your-name\"><input size=\"40\" maxlength=\"400\" class=\"wpcf7-form-control wpcf7-text wpcf7-validates-as-required\" aria-required=\"true\" aria-invalid=\"false\" placeholder=\"V\u0101rds\" value=\"\" type=\"text\" name=\"your-name\" \/><\/span>\n\t\t<\/p>\n\t<\/div>\n\t<div class=\"nectar-wpcf7-inline-field\">\n\t\t<p><span class=\"wpcf7-form-control-wrap\" data-name=\"your-email\"><input size=\"40\" maxlength=\"400\" class=\"wpcf7-form-control wpcf7-email wpcf7-validates-as-required wpcf7-text wpcf7-validates-as-email\" aria-required=\"true\" aria-invalid=\"false\" placeholder=\"Email\" value=\"\" type=\"email\" name=\"your-email\" \/><\/span>\n\t\t<\/p>\n\t<\/div>\n<\/div>\n<p><label> J\u016bsu zi\u0146a (izv\u0113les)<br \/>\n<span class=\"wpcf7-form-control-wrap\" data-name=\"your-message\"><textarea cols=\"40\" rows=\"10\" maxlength=\"2000\" class=\"wpcf7-form-control wpcf7-textarea\" aria-invalid=\"false\" name=\"your-message\"><\/textarea><\/span> <\/label><br \/>\nNos\u016btot zi\u0146ojumu, j\u016bs apstiprin\u0101t, ka piekr\u012btat priv\u0101tuma politikai\n<\/p>\n<p><input class=\"wpcf7-form-control wpcf7-submit has-spinner\" type=\"submit\" value=\"Iesniegt\" \/>\n<\/p><div class=\"wpcf7-response-output\" aria-hidden=\"true\"><\/div>\n<\/form>\n<\/div>\n[\/vc_column][\/vc_row]\n","protected":false},"excerpt":{"rendered":"<p>[vc_row type=\u201din_container\u201d full_screen_row_position=\u201dmiddle\u201d column_margin=\u201ddefault\u201d column_direction=\u201ddefault\u201d column_direction_tablet=\u201ddefault\u201d column_direction_phone=\u201ddefault\u201d scene_position=\u201dcenter\u201d text_color=\u201ddark\u201d text_align=\u201dleft\u201d row_border_radius=\u201dnone\u201d row_border_radius_applies=\u201dbg\u201d overflow=\u201dvisible\u201d overlay_strength=\u201d0.3&#8243; gradient_direction=\u201dleft_to_right\u201d shape_divider_position=\u201dbottom\u201d bg_image_animation=\u201dnone\u201d][vc_column column_padding=\u201dno-extra-padding\u201d column_padding_tablet=\u201dinherit\u201d column_padding_phone=\u201dinherit\u201d column_padding_position=\u201dall\u201d column_element_direction_desktop=\u201ddefault\u201d column_element_spacing=\u201ddefault\u201d desktop_text_alignment=\u201ddefault\u201d tablet_text_alignment=\u201ddefault\u201d phone_text_alignment=\u201ddefault\u201d background_color_opacity=\u201d1&#8243; background_hover_color_opacity=\u201d1&#8243; column_backdrop_filter=\u201dnone\u201d column_shadow=\u201dnone\u201d&#8230;<\/p>\n","protected":false},"author":1,"featured_media":0,"parent":0,"menu_order":0,"comment_status":"closed","ping_status":"closed","template":"","meta":{"footnotes":""},"class_list":["post-2402","page","type-page","status-publish"],"_links":{"self":[{"href":"https:\/\/bujums.lv\/ru\/wp-json\/wp\/v2\/pages\/2402","targetHints":{"allow":["GET"]}}],"collection":[{"href":"https:\/\/bujums.lv\/ru\/wp-json\/wp\/v2\/pages"}],"about":[{"href":"https:\/\/bujums.lv\/ru\/wp-json\/wp\/v2\/types\/page"}],"author":[{"embeddable":true,"href":"https:\/\/bujums.lv\/ru\/wp-json\/wp\/v2\/users\/1"}],"replies":[{"embeddable":true,"href":"https:\/\/bujums.lv\/ru\/wp-json\/wp\/v2\/comments?post=2402"}],"version-history":[{"count":2,"href":"https:\/\/bujums.lv\/ru\/wp-json\/wp\/v2\/pages\/2402\/revisions"}],"predecessor-version":[{"id":2404,"href":"https:\/\/bujums.lv\/ru\/wp-json\/wp\/v2\/pages\/2402\/revisions\/2404"}],"wp:attachment":[{"href":"https:\/\/bujums.lv\/ru\/wp-json\/wp\/v2\/media?parent=2402"}],"curies":[{"name":"wp","href":"https:\/\/api.w.org\/{rel}","templated":true}]}}