{"id":1727,"date":"2024-12-24T12:49:58","date_gmt":"2024-12-24T12:49:58","guid":{"rendered":"https:\/\/bujums.lv\/?post_type=product&#038;p=1727"},"modified":"2024-12-24T15:19:05","modified_gmt":"2024-12-24T15:19:05","slug":"burgers-calis","status":"publish","type":"product","link":"https:\/\/bujums.lv\/ru\/product\/burgers-calis\/","title":{"rendered":"C\u0101\u013ca ga\u013cas burgeru kotletes"},"content":{"rendered":"<p><strong>Viens iepakojums 400g. <\/strong>(4 sul\u012bgas burgerkotletes) <strong>Cena nor\u0101d\u012bta par vienu iepakojumu.<\/strong><strong><br \/>\n<\/strong><em>Sast\u0101vda\u013cas:<\/em> C\u0101\u013ca ga\u013ca(ES)(82%), s\u012bpoli, burk\u0101ni, r\u012bvmaize (KVIE\u0160U milti, \u016bdens, s\u0101ls, raugs), OLU masa, gar\u0161vielu mais\u012bjums(s\u0101ls, SINEPJU s\u0113klas, s\u012bpoli, koriandrs, \u010dili pipari, sald\u0101 sarkan\u0101 paprika, cukurs, \u0137iploki, major\u0101ns, melnie pipari)<\/p>\n<p><em>Ener\u0123\u0113tisk\u0101 v\u0113rt\u012bba:<\/em>kJ 730.9\/kcal 174.7.<br \/>\n<em>Uzturv\u0113rt\u012bba uz 100g:<\/em> Tauki 8.2g, t.sk. pies\u0101tin\u0101t\u0101s tauksk\u0101bes 2.2g, og\u013chidr\u0101ti 3.4g, t.sk. cukuri 0.7g, \u0161\u0137iedrvielas 0.3g, olbaltumvielas 17.2g, s\u0101ls 0.58g.<\/p>\n<p><em>Pagatavo\u0161ana:<\/em> Lai produkts saglab\u0101tu savu sul\u012bgumu, cepjam to uz m\u0113renas liesmas neatkaus\u0113tu, l\u012bdz tas sasniedz nepiecie\u0161amo gatav\u012bbas pak\u0101pi.<\/p>\n<p><em>Uzglab\u0101\u0161anas temperat\u016bra:<\/em> Ne zem\u0101ka k\u0101 -18<sup>0 <\/sup>C<br \/>\n<em>Izlietot l\u012bdz<\/em>: skat\u012bt uz iepakojuma (dd.mm.gggg)<br \/>\nP\u0113c atkaus\u0113\u0161anas produktu atk\u0101rtoti nesasald\u0113t!<br \/>\nRa\u017eots Latvij\u0101,\u00a0 SIA Mammas Dabas Labumi, Traleru iela 30, R\u012bga, Latvija.<\/p>\n","protected":false},"excerpt":{"rendered":"<p>Viens iepakojums 400g. (4 sul\u012bgas burgerkotletes) Cena nor\u0101d\u012bta par vienu iepakojumu. Sast\u0101vda\u013cas: C\u0101\u013ca ga\u013ca(ES)(82%), s\u012bpoli, burk\u0101ni, r\u012bvmaize (KVIE\u0160U milti, \u016bdens, s\u0101ls, raugs), OLU masa, gar\u0161vielu mais\u012bjums(s\u0101ls, SINEPJU s\u0113klas, s\u012bpoli, koriandrs,&#8230;<\/p>\n","protected":false},"featured_media":1733,"comment_status":"open","ping_status":"closed","template":"","meta":[],"product_cat":[46],"product_tag":[],"class_list":{"0":"post-1727","1":"product","2":"type-product","3":"status-publish","4":"has-post-thumbnail","6":"product_cat-burgers","8":"first","9":"instock","10":"shipping-taxable","11":"purchasable","12":"product-type-simple"},"_links":{"self":[{"href":"https:\/\/bujums.lv\/ru\/wp-json\/wp\/v2\/product\/1727","targetHints":{"allow":["GET"]}}],"collection":[{"href":"https:\/\/bujums.lv\/ru\/wp-json\/wp\/v2\/product"}],"about":[{"href":"https:\/\/bujums.lv\/ru\/wp-json\/wp\/v2\/types\/product"}],"replies":[{"embeddable":true,"href":"https:\/\/bujums.lv\/ru\/wp-json\/wp\/v2\/comments?post=1727"}],"wp:featuredmedia":[{"embeddable":true,"href":"https:\/\/bujums.lv\/ru\/wp-json\/wp\/v2\/media\/1733"}],"wp:attachment":[{"href":"https:\/\/bujums.lv\/ru\/wp-json\/wp\/v2\/media?parent=1727"}],"wp:term":[{"taxonomy":"product_cat","embeddable":true,"href":"https:\/\/bujums.lv\/ru\/wp-json\/wp\/v2\/product_cat?post=1727"},{"taxonomy":"product_tag","embeddable":true,"href":"https:\/\/bujums.lv\/ru\/wp-json\/wp\/v2\/product_tag?post=1727"}],"curies":[{"name":"wp","href":"https:\/\/api.w.org\/{rel}","templated":true}]}}