{"id":1747,"date":"2024-12-24T15:32:21","date_gmt":"2024-12-24T15:32:21","guid":{"rendered":"https:\/\/bujums.lv\/?post_type=product&#038;p=1747"},"modified":"2024-12-24T15:32:21","modified_gmt":"2024-12-24T15:32:21","slug":"pelmeni-briedis","status":"publish","type":"product","link":"https:\/\/bujums.lv\/ru\/product\/pelmeni-briedis\/","title":{"rendered":"Brie\u017ea ga\u013cas pelme\u0146i"},"content":{"rendered":"<p><strong>Viens iepakojums 400g. Cena nor\u0101d\u012bta par vienu iepakojumu.<\/strong><strong><br \/>\n<\/strong><em>Sast\u0101vda\u013cas:<\/em> M\u012bkla 45%, pild\u012bjums 55%. M\u012bkla: KVIE\u0160U milti, \u016bdens, OLAS, rap\u0161u e\u013c\u013ca, s\u0101ls, cukurs), pild\u012bjums: 77,0% brie\u017ea ga\u013ca, c\u016bkga\u013cas spe\u0137is, s\u012bpoli, burk\u0101ni, \u0137iploki, p\u0113ters\u012b\u013ci, s\u0101ls, dilles, melnie pipari.<\/p>\n<p><em>Ener\u0123\u0113tisk\u0101 v\u0113rt\u012bba:<\/em> kJ 1005 \/ kcal 234.<br \/>\n<em>Uzturv\u0113rt\u012bba uz 100g:<\/em> Tauki 11.1 g, t.sk. pies\u0101tin\u0101t\u0101s tauksk\u0101bes 2.7g, og\u013chidr\u0101ti 23.0g, t.sk. cukuri 1.0g, \u0161\u0137iedrvielas 1.8g, olbaltumvielas 12.1g, s\u0101ls 1.0g.<\/p>\n<p><em>Pagatavo\u0161ana:<\/em> Ielieciet pelme\u0146us verdo\u0161\u0101, s\u0101l\u012bt\u0101 \u016bden\u012b, pievienojiet gar\u0161vielas. Kad pelme\u0146i uzpeld\u0113ju\u0161i, v\u0101riet v\u0113l 5-7 min\u016btes.<\/p>\n<p><em>Uzglab\u0101\u0161anas temperat\u016bra:<\/em> Ne zem\u0101ka k\u0101 -18<sup>0 <\/sup>C<br \/>\n<em>Izlietot l\u012bdz<\/em>: skat\u012bt uz iepakojuma (dd.mm.gggg)<br \/>\nP\u0113c atkaus\u0113\u0161anas produktu atk\u0101rtoti nesasald\u0113t!<br \/>\nRa\u017eots Latvij\u0101,\u00a0 SIA Mammas Dabas Labumi, Traleru iela 30, R\u012bga, Latvija.<\/p>\n","protected":false},"excerpt":{"rendered":"<p>S\u0101t\u012bgai malt\u012btai, saimnieku galdam. No smar\u017e\u012bg\u0101m p\u013cav\u0101m, liegiem laukiem un za\u013cajiem me\u017eiem n\u0101kusi, saimnieces ap\u010dubin\u0101ta, spilventi\u0146os iesai\u0146ota. Veseli \u0113du\u0161i.<\/p>\n<p>Sald\u0113ti izmantojot \u0161oku, iepakojums kast\u012bte 400g.<\/p>\n","protected":false},"featured_media":1748,"comment_status":"open","ping_status":"closed","template":"","meta":[],"product_cat":[49],"product_tag":[],"class_list":{"0":"post-1747","1":"product","2":"type-product","3":"status-publish","4":"has-post-thumbnail","6":"product_cat-pelmeni","8":"first","9":"instock","10":"shipping-taxable","11":"purchasable","12":"product-type-simple"},"_links":{"self":[{"href":"https:\/\/bujums.lv\/ru\/wp-json\/wp\/v2\/product\/1747","targetHints":{"allow":["GET"]}}],"collection":[{"href":"https:\/\/bujums.lv\/ru\/wp-json\/wp\/v2\/product"}],"about":[{"href":"https:\/\/bujums.lv\/ru\/wp-json\/wp\/v2\/types\/product"}],"replies":[{"embeddable":true,"href":"https:\/\/bujums.lv\/ru\/wp-json\/wp\/v2\/comments?post=1747"}],"wp:featuredmedia":[{"embeddable":true,"href":"https:\/\/bujums.lv\/ru\/wp-json\/wp\/v2\/media\/1748"}],"wp:attachment":[{"href":"https:\/\/bujums.lv\/ru\/wp-json\/wp\/v2\/media?parent=1747"}],"wp:term":[{"taxonomy":"product_cat","embeddable":true,"href":"https:\/\/bujums.lv\/ru\/wp-json\/wp\/v2\/product_cat?post=1747"},{"taxonomy":"product_tag","embeddable":true,"href":"https:\/\/bujums.lv\/ru\/wp-json\/wp\/v2\/product_tag?post=1747"}],"curies":[{"name":"wp","href":"https:\/\/api.w.org\/{rel}","templated":true}]}}