{"id":1751,"date":"2024-12-24T15:35:54","date_gmt":"2024-12-24T15:35:54","guid":{"rendered":"https:\/\/bujums.lv\/?post_type=product&#038;p=1751"},"modified":"2025-05-11T18:35:26","modified_gmt":"2025-05-11T18:35:26","slug":"pelmeni-jera","status":"publish","type":"product","link":"https:\/\/bujums.lv\/ru\/product\/pelmeni-jera\/","title":{"rendered":"J\u0113ra ga\u013cas pelme\u0146i"},"content":{"rendered":"<p><strong>Viens iepakojums 400g. Cena nor\u0101d\u012bta par vienu iepakojumu.<\/strong><strong><br \/>\n<\/strong><em>Sast\u0101vda\u013cas:<\/em> M\u012bkla 45%, pild\u012bjums 55%. M\u012bkla: KVIE\u0160U milti, \u016bdens, OLAS, rap\u0161u e\u013c\u013ca, s\u0101ls, cukurs). Pild\u012bjums: 55% j\u0113ra ga\u013ca, liellopu ga\u013ca, vistas ga\u013ca, s\u012bpoli, burk\u0101ni, OLU masa, p\u0113ters\u012b\u013ci, s\u0101ls, dilles, melnie pipari.<\/p>\n<p><em>Ener\u0123\u0113tisk\u0101 v\u0113rt\u012bba:<\/em> kJ 1013 \/ kcal 241<br \/>\n<em>Uzturv\u0113rt\u012bba uz 100g:<\/em> 100g produkta satur: Tauki 9.9 g, t.sk. pies\u0101tin\u0101t\u0101s tauksk\u0101bes 0.5g, og\u013chidr\u0101ti 22.6g, t.sk. cukuri 1.0g, \u0161\u0137iedrvielas 1.8g, olbaltumvielas 14.5g, s\u0101ls 1.0g.<\/p>\n<p><em>Pagatavo\u0161ana:<\/em> Ielieciet pelme\u0146us verdo\u0161\u0101 s\u0101l\u012bt\u0101 \u016bden\u012b, pievienojiet gar\u0161vielas. Kad pelme\u0146i uzpeld\u0113ju\u0161i, v\u0101riet v\u0113l 5-7 min\u016btes.<\/p>\n<p><em>Uzglab\u0101\u0161anas temperat\u016bra:<\/em> Ne zem\u0101ka k\u0101 -18<sup>0 <\/sup>C<br \/>\n<em>Izlietot l\u012bdz<\/em>: skat\u012bt uz iepakojuma (dd.mm.gggg)<br \/>\nP\u0113c atkaus\u0113\u0161anas produktu atk\u0101rtoti nesasald\u0113t!<br \/>\nRa\u017eots Latvij\u0101,\u00a0 SIA Mammas Dabas Labumi, Traleru iela 30, R\u012bga, Latvija.<\/p>\n","protected":false},"excerpt":{"rendered":"<p>Viegla, maiga malt\u012bte, smukai kop\u0101 pas\u0113d\u0113\u0161anai. Dab\u012bga, smar\u017e\u012bga, laukos augusi ga\u013ca, m\u012b\u013ci iesai\u0146ota liegos m\u012bklas spilventi\u0146os. Aicini pie galda \u2013 b\u016bs lepna \u0113\u0161ana.<\/p>\n<p>Sald\u0113ti izmantojot \u0161oku, iepakojums kast\u012bte 400g.<\/p>\n","protected":false},"featured_media":1752,"comment_status":"open","ping_status":"closed","template":"","meta":[],"product_cat":[49],"product_tag":[],"class_list":{"0":"post-1751","1":"product","2":"type-product","3":"status-publish","4":"has-post-thumbnail","6":"product_cat-pelmeni","8":"first","9":"instock","10":"shipping-taxable","11":"purchasable","12":"product-type-simple"},"_links":{"self":[{"href":"https:\/\/bujums.lv\/ru\/wp-json\/wp\/v2\/product\/1751","targetHints":{"allow":["GET"]}}],"collection":[{"href":"https:\/\/bujums.lv\/ru\/wp-json\/wp\/v2\/product"}],"about":[{"href":"https:\/\/bujums.lv\/ru\/wp-json\/wp\/v2\/types\/product"}],"replies":[{"embeddable":true,"href":"https:\/\/bujums.lv\/ru\/wp-json\/wp\/v2\/comments?post=1751"}],"wp:featuredmedia":[{"embeddable":true,"href":"https:\/\/bujums.lv\/ru\/wp-json\/wp\/v2\/media\/1752"}],"wp:attachment":[{"href":"https:\/\/bujums.lv\/ru\/wp-json\/wp\/v2\/media?parent=1751"}],"wp:term":[{"taxonomy":"product_cat","embeddable":true,"href":"https:\/\/bujums.lv\/ru\/wp-json\/wp\/v2\/product_cat?post=1751"},{"taxonomy":"product_tag","embeddable":true,"href":"https:\/\/bujums.lv\/ru\/wp-json\/wp\/v2\/product_tag?post=1751"}],"curies":[{"name":"wp","href":"https:\/\/api.w.org\/{rel}","templated":true}]}}