{"id":1757,"date":"2024-12-24T15:41:42","date_gmt":"2024-12-24T15:41:42","guid":{"rendered":"https:\/\/bujums.lv\/?post_type=product&#038;p=1757"},"modified":"2024-12-24T15:41:42","modified_gmt":"2024-12-24T15:41:42","slug":"pelmeni-vegetarie","status":"publish","type":"product","link":"https:\/\/bujums.lv\/ru\/product\/pelmeni-vegetarie\/","title":{"rendered":"Pelme\u0146i ve\u0123et\u0101rie"},"content":{"rendered":"<p><strong>Viens iepakojums 400g. Cena nor\u0101d\u012bta par vienu iepakojumu.<\/strong><strong><br \/>\n<\/strong><em>Sast\u0101vda\u013cas:<\/em> M\u012bkla 45%, pild\u012bjums 55%. M\u012bkla: KVIE\u0160U milti, \u016bdens, OLAS, rap\u0161u e\u013c\u013ca, s\u0101ls, cukurs). Pild\u012bjums: 50% siers Krievijas (govs PIENS, s\u0101ls, cietin\u0101t\u0101js &#8212; kalcija hlor\u012bds, recin\u0101t\u0101js &#8212; ferments himoz\u012bns, piensk\u0101bes bakt\u0113riju ieraugs, kr\u0101sviela &#8212; beta karot\u012bns), 50% spin\u0101ti.<\/p>\n<p><em>Ener\u0123\u0113tisk\u0101 v\u0113rt\u012bba: kJ 964 \/ kcal 230<\/em>.<br \/>\n<em>Uzturv\u0113rt\u012bba uz 100g:<\/em> Tauki 10.0 g, t.sk. pies\u0101tin\u0101t\u0101s tauksk\u0101bes 5.3g, og\u013chidr\u0101ti 22.8g, t.sk. cukuri 0.7g, \u0161\u0137iedrvielas 2.3g, olbaltumvielas 11.1g, s\u0101ls 1.0g.<\/p>\n<p><em>Pagatavo\u0161ana:<\/em> Ielieciet pelme\u0146us verdo\u0161\u0101 s\u0101l\u012bt\u0101 \u016bden\u012b, pievienojiet gar\u0161vielas. Kad pelme\u0146i uzpeld\u0113ju\u0161i, v\u0101riet v\u0113l 5-7 min\u016btes.<\/p>\n<p><em>Uzglab\u0101\u0161anas temperat\u016bra:<\/em> Ne zem\u0101k k\u0101 -18<sup>0 <\/sup>C<br \/>\n<em>Izlietot l\u012bdz<\/em>: skat\u012bt uz iepakojuma (dd.mm.gggg)<br \/>\nP\u0113c atkaus\u0113\u0161anas produktu atk\u0101rtoti nesasald\u0113t!<br \/>\nRa\u017eots Latvij\u0101,\u00a0 SIA Mammas Dabas Labumi, Traleru iela 30, R\u012bga, Latvija.<\/p>\n","protected":false},"excerpt":{"rendered":"<p>T\u012bra manta &#8212; no vienas spilventi\u0146a malas l\u012bdz otrai. Ve\u0123et\u0101rie pelme\u0146i ciku-caku veidoti no garda siera un pa\u0161m\u0101ju dob\u0113 audz\u0113tiem spin\u0101tiem. Piesien d\u016b\u0161u, iedod vesel\u012bbu, iedve\u0161 sp\u0113ku!<\/p>\n<p>Sald\u0113ti izmantojot \u0161oku, iepakojums kast\u012bte 400g.<\/p>\n","protected":false},"featured_media":1758,"comment_status":"open","ping_status":"closed","template":"","meta":[],"product_cat":[49],"product_tag":[],"class_list":{"0":"post-1757","1":"product","2":"type-product","3":"status-publish","4":"has-post-thumbnail","6":"product_cat-pelmeni","8":"first","9":"instock","10":"shipping-taxable","11":"purchasable","12":"product-type-simple"},"_links":{"self":[{"href":"https:\/\/bujums.lv\/ru\/wp-json\/wp\/v2\/product\/1757","targetHints":{"allow":["GET"]}}],"collection":[{"href":"https:\/\/bujums.lv\/ru\/wp-json\/wp\/v2\/product"}],"about":[{"href":"https:\/\/bujums.lv\/ru\/wp-json\/wp\/v2\/types\/product"}],"replies":[{"embeddable":true,"href":"https:\/\/bujums.lv\/ru\/wp-json\/wp\/v2\/comments?post=1757"}],"wp:featuredmedia":[{"embeddable":true,"href":"https:\/\/bujums.lv\/ru\/wp-json\/wp\/v2\/media\/1758"}],"wp:attachment":[{"href":"https:\/\/bujums.lv\/ru\/wp-json\/wp\/v2\/media?parent=1757"}],"wp:term":[{"taxonomy":"product_cat","embeddable":true,"href":"https:\/\/bujums.lv\/ru\/wp-json\/wp\/v2\/product_cat?post=1757"},{"taxonomy":"product_tag","embeddable":true,"href":"https:\/\/bujums.lv\/ru\/wp-json\/wp\/v2\/product_tag?post=1757"}],"curies":[{"name":"wp","href":"https:\/\/api.w.org\/{rel}","templated":true}]}}